{"id":457,"date":"2024-03-11T02:36:09","date_gmt":"2024-03-11T01:36:09","guid":{"rendered":"https:\/\/techni-renov37.fr\/?page_id=457"},"modified":"2024-06-27T00:30:30","modified_gmt":"2024-06-26T22:30:30","slug":"mentions-legales","status":"publish","type":"page","link":"https:\/\/techni-renov37.fr\/index.php\/mentions-legales\/","title":{"rendered":"Mentions l\u00e9gales"},"content":{"rendered":"<p>[et_pb_section fb_built=&#8221;1&#8243; admin_label=&#8221;Header&#8221; _builder_version=&#8221;4.24.2&#8243; _module_preset=&#8221;default&#8221; background_image=&#8221;http:\/\/techni-renov37.fr\/wp-content\/uploads\/2024\/03\/3d-house-model-with-big-windows-scaled.jpg&#8221; custom_padding=&#8221;0px||0px||true|false&#8221; bottom_divider_style=&#8221;slant2&#8243; bottom_divider_color=&#8221;#0C71C3&#8243; collapsed=&#8221;on&#8221; global_colors_info=&#8221;{}&#8221;][et_pb_row _builder_version=&#8221;4.23.2&#8243; _module_preset=&#8221;default&#8221; background_image=&#8221;http:\/\/techni-renov37.fr\/wp-content\/uploads\/2024\/03\/test2.png&#8221; width=&#8221;100%&#8221; max_width=&#8221;none&#8221; custom_padding=&#8221;15vw|10%|15vw|10%|true|true&#8221; global_colors_info=&#8221;{}&#8221;][et_pb_column type=&#8221;4_4&#8243; _builder_version=&#8221;4.22.1&#8243; _module_preset=&#8221;default&#8221; global_colors_info=&#8221;{}&#8221;][et_pb_text _builder_version=&#8221;4.23.2&#8243; _module_preset=&#8221;b39a4a35-90f8-4208-a1b4-a7bf9e8ede09&#8243; header_text_color=&#8221;#000000&#8243; width=&#8221;60%&#8221; custom_margin=&#8221;||10px||false|false&#8221; header_font_size_tablet=&#8221;5vw&#8221; header_font_size_phone=&#8221;5vw&#8221; header_font_size_last_edited=&#8221;off|phone&#8221; global_colors_info=&#8221;{}&#8221;]<\/p>\n<h1>mentions l\u00e9gales<\/h1>\n<p>[\/et_pb_text][\/et_pb_column][\/et_pb_row][\/et_pb_section][et_pb_section fb_built=&#8221;1&#8243; _builder_version=&#8221;4.24.2&#8243; _module_preset=&#8221;default&#8221; top_divider_style=&#8221;slant2&#8243; top_divider_color=&#8221;#0C71C3&#8243; global_colors_info=&#8221;{}&#8221;][et_pb_row _builder_version=&#8221;4.24.2&#8243; _module_preset=&#8221;default&#8221; global_colors_info=&#8221;{}&#8221;][et_pb_column type=&#8221;4_4&#8243; _builder_version=&#8221;4.24.2&#8243; _module_preset=&#8221;default&#8221; global_colors_info=&#8221;{}&#8221;][et_pb_text _builder_version=&#8221;4.24.2&#8243; _module_preset=&#8221;default&#8221; hover_enabled=&#8221;0&#8243; global_colors_info=&#8221;{}&#8221; sticky_enabled=&#8221;0&#8243;]<\/p>\n<p><strong><span style=\"vertical-align: inherit;\"><span style=\"vertical-align: inherit;\"><span style=\"vertical-align: inherit;\"><span style=\"vertical-align: inherit;\"><span style=\"vertical-align: inherit;\"><span style=\"vertical-align: inherit;\"><\/span><\/span><\/span><\/span><\/span><\/span><\/strong><\/p>\n<p><strong><span style=\"vertical-align: inherit;\"><span style=\"vertical-align: inherit;\"><span style=\"vertical-align: inherit;\"><span style=\"vertical-align: inherit;\"><span style=\"vertical-align: inherit;\"><span style=\"vertical-align: inherit;\">Mentions l\u00e9gales:<\/span><\/span><\/span><\/span><\/span><\/span><\/strong><\/p>\n<p><strong><span style=\"vertical-align: inherit;\"><span style=\"vertical-align: inherit;\"><span style=\"vertical-align: inherit;\"><span style=\"vertical-align: inherit;\"><span style=\"vertical-align: inherit;\"><span style=\"vertical-align: inherit;\">\u00c9diteur du site :<\/span><\/span><\/span><\/span><\/span><\/span><\/strong><br \/><span style=\"vertical-align: inherit;\"><span style=\"vertical-align: inherit;\"><span style=\"vertical-align: inherit;\"><span style=\"vertical-align: inherit;\"><span style=\"vertical-align: inherit;\"><span style=\"vertical-align: inherit;\"> Techni-Renov 37 <\/span><\/span><\/span><\/span><\/span><\/span><br \/><span style=\"vertical-align: inherit;\"><span style=\"vertical-align: inherit;\"><span style=\"vertical-align: inherit;\"><span style=\"vertical-align: inherit;\"><span style=\"vertical-align: inherit;\"><span style=\"vertical-align: inherit;\">21 Rte de Vernou, 37210 VOUVRAY <\/span><\/span><\/span><\/span><\/span><\/span><br \/><span style=\"vertical-align: inherit;\"><span style=\"vertical-align: inherit;\"><span style=\"vertical-align: inherit;\"><span style=\"vertical-align: inherit;\"><span style=\"vertical-align: inherit;\"><span style=\"vertical-align: inherit;\">06.48.64.10.97 <\/span><\/span><\/span><\/span><\/span><\/span><br \/><span><span style=\"vertical-align: inherit;\"><span style=\"vertical-align: inherit;\"><span style=\"vertical-align: inherit;\"><span style=\"vertical-align: inherit;\"><span style=\"vertical-align: inherit;\"><span style=\"vertical-align: inherit;\">contact@techni-renov37.fr<\/span><\/span><\/span><\/span><\/span><\/span><\/span><br \/><span style=\"vertical-align: inherit;\"><span style=\"vertical-align: inherit;\"><span style=\"vertical-align: inherit;\"><span style=\"vertical-align: inherit;\"><span style=\"vertical-align: inherit;\"><span style=\"vertical-align: inherit;\"> SIRET : <\/span><\/span><\/span><\/span><\/span><\/span><span><span style=\"vertical-align: inherit;\"><span style=\"vertical-align: inherit;\"><span style=\"vertical-align: inherit;\"><span style=\"vertical-align: inherit;\"><span style=\"vertical-align: inherit;\"><span style=\"vertical-align: inherit;\">53888370300018<\/span><\/span><\/span><\/span><\/span><\/span><\/span><\/p>\n<p><strong><span style=\"vertical-align: inherit;\"><span style=\"vertical-align: inherit;\"><span style=\"vertical-align: inherit;\"><span style=\"vertical-align: inherit;\"><span style=\"vertical-align: inherit;\"><span style=\"vertical-align: inherit;\">Directeur de publication :<\/span><\/span><\/span><\/span><\/span><\/span><\/strong><br \/><span style=\"vertical-align: inherit;\"><span style=\"vertical-align: inherit;\"><span style=\"vertical-align: inherit;\"><span style=\"vertical-align: inherit;\"><span style=\"vertical-align: inherit;\"><span style=\"vertical-align: inherit;\"> Fernandez Andy<\/span><\/span><\/span><\/span><\/span><\/span><\/p>\n<p><strong><span style=\"vertical-align: inherit;\"><span style=\"vertical-align: inherit;\"><span style=\"vertical-align: inherit;\"><span style=\"vertical-align: inherit;\">D\u00e9veloppeur<\/span><\/span><\/span><\/span><\/strong><span style=\"vertical-align: inherit;\"><span style=\"vertical-align: inherit;\"><span style=\"vertical-align: inherit;\"><span style=\"vertical-align: inherit;\"> :<\/span><\/span><\/span><\/span><\/p>\n<p><span style=\"vertical-align: inherit;\"><span style=\"vertical-align: inherit;\"><span style=\"vertical-align: inherit;\"><span style=\"vertical-align: inherit;\">EASYNETT ( siret: 48412950700030 ) &#8211; KARIJODINOMO Jos\u00e9<\/span><\/span><\/span><\/span><\/p>\n<p><span style=\"vertical-align: inherit;\"><span style=\"vertical-align: inherit;\"><span style=\"vertical-align: inherit;\"><span style=\"vertical-align: inherit;\">tel: 0749880683<\/span><\/span><\/span><\/span><\/p>\n<p><strong><span style=\"vertical-align: inherit;\"><span style=\"vertical-align: inherit;\"><span style=\"vertical-align: inherit;\"><span style=\"vertical-align: inherit;\"><span style=\"vertical-align: inherit;\"><span style=\"vertical-align: inherit;\">H\u00e9bergeur du site :<\/span><\/span><\/span><\/span><\/span><\/span><\/strong><br \/><span style=\"vertical-align: inherit;\"><span style=\"vertical-align: inherit;\"><span style=\"vertical-align: inherit;\"><span style=\"vertical-align: inherit;\"><span style=\"vertical-align: inherit;\"><span style=\"vertical-align: inherit;\"> HOSTINGER <\/span><\/span><\/span><\/span><\/span><\/span><br \/><b><span style=\"vertical-align: inherit;\"><span style=\"vertical-align: inherit;\"><span style=\"vertical-align: inherit;\"><span style=\"vertical-align: inherit;\"><span style=\"vertical-align: inherit;\"><span style=\"vertical-align: inherit;\">HOSTINGER INTERNATIONAL LTD, 61 Lordou Vironos Street, 6023 Larnaca, Chypre<\/span><\/span><\/span><\/span><\/span><\/span><\/b><br \/><span style=\"vertical-align: inherit;\"><span style=\"vertical-align: inherit;\"><span style=\"vertical-align: inherit;\"><span style=\"vertical-align: inherit;\"><span style=\"vertical-align: inherit;\"><span style=\"vertical-align: inherit;\"> https:\/\/www.hostinger.fr\/contact<\/span><\/span><\/span><\/span><\/span><\/span><\/p>\n<p><strong><span style=\"vertical-align: inherit;\"><span style=\"vertical-align: inherit;\"><span style=\"vertical-align: inherit;\"><span style=\"vertical-align: inherit;\"><span style=\"vertical-align: inherit;\"><span style=\"vertical-align: inherit;\">Propri\u00e9t\u00e9 intellectuelle :<\/span><\/span><\/span><\/span><\/span><\/span><\/strong><br \/><span style=\"vertical-align: inherit;\"><span style=\"vertical-align: inherit;\"><span style=\"vertical-align: inherit;\"><span style=\"vertical-align: inherit;\"><span style=\"vertical-align: inherit;\"><span style=\"vertical-align: inherit;\"> Le contenu de ce site (textes, images, vid\u00e9os, etc.) est prot\u00e9g\u00e9 par le droit d&#8217;auteur et autres droits de propri\u00e9t\u00e9 intellectuelle. Toute reproduction, repr\u00e9sentation, modification, publication, adaptation de tout ou partie des \u00e9l\u00e9ments de ce site, quel que soit le moyen ou le proc\u00e9d\u00e9 utilis\u00e9, est interdite sans l&#8217;autorisation \u00e9crite pr\u00e9alable de Techni-Renov 37.<\/span><\/span><\/span><\/span><\/span><\/span><\/p>\n<p><strong><span style=\"vertical-align: inherit;\"><span style=\"vertical-align: inherit;\"><span style=\"vertical-align: inherit;\"><span style=\"vertical-align: inherit;\"><span style=\"vertical-align: inherit;\"><span style=\"vertical-align: inherit;\">Donn\u00e9es personnelles :<\/span><\/span><\/span><\/span><\/span><\/span><\/strong><br \/><span style=\"vertical-align: inherit;\"><span style=\"vertical-align: inherit;\"><span style=\"vertical-align: inherit;\"><span style=\"vertical-align: inherit;\"><span style=\"vertical-align: inherit;\"><span style=\"vertical-align: inherit;\"> Les informations recueillies via ce site sont destin\u00e9es \u00e0 Techni-Renov 37 . Elles seront utilis\u00e9es dans le cadre de la gestion de votre relation avec Techni-Renov 37, notamment pour le traitement de vos commandes, la gestion de votre compte client, l&#8217;envoi de newsletters, etc. Conform\u00e9ment \u00e0 la loi &#8220;Informatique et Libert\u00e9s&#8221; du 6 janvier 1978 modifi\u00e9 et au R\u00e8glement G\u00e9n\u00e9ral sur la Protection des Donn\u00e9es (RGPD), vous b\u00e9n\u00e9ficiez d&#8217;un droit d&#8217;acc\u00e8s, de rectification, de suppression et d&#8217;opposition aux donn\u00e9es vous concernant. Vous pouvez exercer ces droits en nous contactant \u00e0 l&#8217;adresse suivante : <\/span><\/span><\/span><\/span><\/span><\/span><span><span style=\"vertical-align: inherit;\"><span style=\"vertical-align: inherit;\"><span style=\"vertical-align: inherit;\"><span style=\"vertical-align: inherit;\"><span style=\"vertical-align: inherit;\"><span style=\"vertical-align: inherit;\">contact@techni-renov37.fr<\/span><\/span><\/span><\/span><\/span><\/span><\/span><span style=\"vertical-align: inherit;\"><span style=\"vertical-align: inherit;\"><span style=\"vertical-align: inherit;\"><span style=\"vertical-align: inherit;\"><span style=\"vertical-align: inherit;\"><span style=\"vertical-align: inherit;\"> .<\/span><\/span><\/span><\/span><\/span><\/span><\/p>\n<p><strong><span style=\"vertical-align: inherit;\"><span style=\"vertical-align: inherit;\"><span style=\"vertical-align: inherit;\"><span style=\"vertical-align: inherit;\"><span style=\"vertical-align: inherit;\"><span style=\"vertical-align: inherit;\">Cookies :<\/span><\/span><\/span><\/span><\/span><\/span><\/strong><br \/><span style=\"vertical-align: inherit;\"><span style=\"vertical-align: inherit;\"><span style=\"vertical-align: inherit;\"><span style=\"vertical-align: inherit;\"><span style=\"vertical-align: inherit;\"><span style=\"vertical-align: inherit;\"> Ce site utilise des cookies pour am\u00e9liorer votre exp\u00e9rience de navigation et fournir des fonctionnalit\u00e9s suppl\u00e9mentaires. En utilisant ce site, vous consentez \u00e0 l&#8217;utilisation de cookies.<\/span><\/span><\/span><\/span><\/span><\/span><\/p>\n<p><strong><span style=\"vertical-align: inherit;\"><span style=\"vertical-align: inherit;\"><span style=\"vertical-align: inherit;\"><span style=\"vertical-align: inherit;\"><span style=\"vertical-align: inherit;\"><span style=\"vertical-align: inherit;\">Limitation de responsabilit\u00e9 :<\/span><\/span><\/span><\/span><\/span><\/span><\/strong><br \/><span style=\"vertical-align: inherit;\"><span style=\"vertical-align: inherit;\"><span style=\"vertical-align: inherit;\"><span style=\"vertical-align: inherit;\"><span style=\"vertical-align: inherit;\"><span style=\"vertical-align: inherit;\"> Techni-Renov 37 ne saurait \u00eatre tenu responsable de tout dommage direct ou indirect, quelle qu&#8217;en soit la cause, r\u00e9sultant de l&#8217;acc\u00e8s, de l&#8217;utilisation ou de l&#8217;impossibilit\u00e9 d&#8217;acc\u00e9der \u00e0 ce site, ou des informations qui y sont contenues.<\/span><\/span><\/span><\/span><\/span><\/span><\/p>\n<p><strong><span style=\"vertical-align: inherit;\"><span style=\"vertical-align: inherit;\"><span style=\"vertical-align: inherit;\"><span style=\"vertical-align: inherit;\"><span style=\"vertical-align: inherit;\"><span style=\"vertical-align: inherit;\">Loi applicable et juridiction comp\u00e9tente :<\/span><\/span><\/span><\/span><\/span><\/span><\/strong><br \/><span style=\"vertical-align: inherit;\"><span style=\"vertical-align: inherit;\"><span style=\"vertical-align: inherit;\"><span style=\"vertical-align: inherit;\"><span style=\"vertical-align: inherit;\"><span style=\"vertical-align: inherit;\"> Les pr\u00e9sentes mentions l\u00e9gales sont r\u00e9gies par la loi fran\u00e7aise. En cas de litige, les tribunaux fran\u00e7ais seront seuls comp\u00e9tents.<\/span><\/span><\/span><\/span><\/span><\/span><\/p>\n<p><strong><span style=\"vertical-align: inherit;\"><span style=\"vertical-align: inherit;\"><span style=\"vertical-align: inherit;\"><span style=\"vertical-align: inherit;\"><span style=\"vertical-align: inherit;\"><span style=\"vertical-align: inherit;\">Date de derni\u00e8re mise \u00e0 jour :<\/span><\/span><\/span><\/span><\/span><\/span><\/strong><span style=\"vertical-align: inherit;\"><span style=\"vertical-align: inherit;\"><span style=\"vertical-align: inherit;\"><span style=\"vertical-align: inherit;\"><span style=\"vertical-align: inherit;\"><span style=\"vertical-align: inherit;\"> 11\/03\/2024<\/span><\/span><\/span><\/span><\/span><\/span><\/p>\n<p>[\/et_pb_text][\/et_pb_column][\/et_pb_row][\/et_pb_section]<\/p>\n","protected":false},"excerpt":{"rendered":"<p>mentions l\u00e9gales Mentions l\u00e9gales: \u00c9diteur du site : Techni-Renov 37 21 Rte de Vernou, 37210 VOUVRAY 06.48.64.10.97 contact@techni-renov37.fr SIRET : 53888370300018 Directeur de publication : Fernandez Andy D\u00e9veloppeur : EASYNETT ( siret: 48412950700030 ) &#8211; KARIJODINOMO Jos\u00e9 tel: 0749880683 H\u00e9bergeur du site : HOSTINGER HOSTINGER INTERNATIONAL LTD, 61 Lordou Vironos Street, 6023 Larnaca, Chypre https:\/\/www.hostinger.fr\/contact [&hellip;]<\/p>\n","protected":false},"author":1,"featured_media":0,"parent":0,"menu_order":0,"comment_status":"closed","ping_status":"closed","template":"","meta":{"_et_pb_use_builder":"on","_et_pb_old_content":"","_et_gb_content_width":"","footnotes":""},"class_list":["post-457","page","type-page","status-publish","hentry"],"_links":{"self":[{"href":"https:\/\/techni-renov37.fr\/index.php\/wp-json\/wp\/v2\/pages\/457","targetHints":{"allow":["GET"]}}],"collection":[{"href":"https:\/\/techni-renov37.fr\/index.php\/wp-json\/wp\/v2\/pages"}],"about":[{"href":"https:\/\/techni-renov37.fr\/index.php\/wp-json\/wp\/v2\/types\/page"}],"author":[{"embeddable":true,"href":"https:\/\/techni-renov37.fr\/index.php\/wp-json\/wp\/v2\/users\/1"}],"replies":[{"embeddable":true,"href":"https:\/\/techni-renov37.fr\/index.php\/wp-json\/wp\/v2\/comments?post=457"}],"version-history":[{"count":5,"href":"https:\/\/techni-renov37.fr\/index.php\/wp-json\/wp\/v2\/pages\/457\/revisions"}],"predecessor-version":[{"id":650,"href":"https:\/\/techni-renov37.fr\/index.php\/wp-json\/wp\/v2\/pages\/457\/revisions\/650"}],"wp:attachment":[{"href":"https:\/\/techni-renov37.fr\/index.php\/wp-json\/wp\/v2\/media?parent=457"}],"curies":[{"name":"wp","href":"https:\/\/api.w.org\/{rel}","templated":true}]}}